{"id":47,"date":"2012-10-12T13:25:03","date_gmt":"2012-10-12T11:25:03","guid":{"rendered":"http:\/\/www.glasskjellaren.no\/de\/?page_id=47"},"modified":"2014-04-24T11:09:18","modified_gmt":"2014-04-24T09:09:18","slug":"uber-mich","status":"publish","type":"page","link":"http:\/\/www.glasskjellaren.no\/de\/uber-mich\/","title":{"rendered":"\u00dcber mich"},"content":{"rendered":"<p>Herzlich willkommen<\/p>\n<p>Licht und kr\u00e4ftige Farben haben schon immer eine besondere Faszination auf mich ausge\u00fcbt. In meiner Glaswerkstatt lasse ich verschiedene Schichten Glas in den von mir gew\u00e4hlten Farben und dem von mir gew\u00fcnschten Dekor miteinander verschmelzen. Diese Technik wird als Glasfusion bezeichnet.<\/p>\n<p>1996 er\u00f6ffnete ich auf meinem Hof den &laquo;GlassKjellaren&raquo; (dt. Glasskeller), mit Ausstellungsbereich und Verkauf. Hier k\u00f6nnen Sie eine gro\u00df Auswahl meiner handgefertigten Produkte anschauen und erwerben.<\/p>\n<p>Ich lade Sie herzlichst zu einem Besuch ein.<br \/>\n<a href=\"http:\/\/www.glasskjellaren.no\/de\/files\/2012\/10\/signatur_astri.png\"><img class=\"alignnone size-full wp-image-83\" title=\"signatur_astri\" src=\"http:\/\/www.glasskjellaren.no\/de\/files\/2012\/10\/signatur_astri.png\" alt=\"\" width=\"150\" \/><\/a><\/p>\n","protected":false},"excerpt":{"rendered":"<p>Herzlich willkommen Licht und kr\u00e4ftige Farben haben schon immer eine besondere Faszination auf mich ausge\u00fcbt. In meiner Glaswerkstatt lasse ich verschiedene Schichten Glas in den von mir gew\u00e4hlten Farben und dem von mir gew\u00fcnschten Dekor miteinander verschmelzen. Diese Technik wird &hellip; <a href=\"http:\/\/www.glasskjellaren.no\/de\/uber-mich\/\">Les videre <span class=\"meta-nav\">&rarr;<\/span><\/a><\/p>\n","protected":false},"author":1,"featured_media":0,"parent":0,"menu_order":0,"comment_status":"open","ping_status":"open","template":"page-about.php","meta":{"ngg_post_thumbnail":0},"_links":{"self":[{"href":"http:\/\/www.glasskjellaren.no\/de\/wp-json\/wp\/v2\/pages\/47"}],"collection":[{"href":"http:\/\/www.glasskjellaren.no\/de\/wp-json\/wp\/v2\/pages"}],"about":[{"href":"http:\/\/www.glasskjellaren.no\/de\/wp-json\/wp\/v2\/types\/page"}],"author":[{"embeddable":true,"href":"http:\/\/www.glasskjellaren.no\/de\/wp-json\/wp\/v2\/users\/1"}],"replies":[{"embeddable":true,"href":"http:\/\/www.glasskjellaren.no\/de\/wp-json\/wp\/v2\/comments?post=47"}],"version-history":[{"count":5,"href":"http:\/\/www.glasskjellaren.no\/de\/wp-json\/wp\/v2\/pages\/47\/revisions"}],"predecessor-version":[{"id":195,"href":"http:\/\/www.glasskjellaren.no\/de\/wp-json\/wp\/v2\/pages\/47\/revisions\/195"}],"wp:attachment":[{"href":"http:\/\/www.glasskjellaren.no\/de\/wp-json\/wp\/v2\/media?parent=47"}],"curies":[{"name":"wp","href":"https:\/\/api.w.org\/{rel}","templated":true}]}}